{"id":4723,"date":"2023-06-23T06:21:08","date_gmt":"2023-06-23T06:21:08","guid":{"rendered":"https:\/\/tienda.plagasturia.com\/?post_type=product&#038;p=4723"},"modified":"2025-06-07T17:55:37","modified_gmt":"2025-06-07T17:55:37","slug":"cebo-hormigas","status":"publish","type":"product","link":"https:\/\/tienda.plagasturia.com\/index.php\/product\/cebo-hormigas\/","title":{"rendered":"Cebo Hormigas"},"content":{"rendered":"<h2>Cebo Granulado anti hormigas<\/h2>\n<div>Cebo anti hormigas baythion es la soluci\u00f3n definitiva para el control de hormigas en exteriores. Cebo granulado especialmente atrayente para las hormigas, que lo introducen en el hormiguero diseminando el producto por las galer\u00edas. Los hormigueros quedan erradicados 1-2 semanas despu\u00e9s de la aplicaci\u00f3n.<\/div>\n<div><u><strong>Modo de empleo<\/strong><\/u><\/div>\n<ul>\n<li>Aplicar en exteriores, terrazas, caminos, etc.<\/li>\n<li>Distribuir alrededor de los hormigueros o en los lugares de paso de las hormigas. 2-8 g por hormiguero<\/li>\n<li>En caso de lluvia durante las primeras 24 h despu\u00e9s de la aplicaci\u00f3n, repetir el tratamiento.<\/li>\n<\/ul>\n<h2>Principios del cebo anti hormigas<\/h2>\n<div>Principio activo: Imidacloprid 0,05%<\/div>\n<div>Registro 13-30-01194<\/div>\n<div>Presentaci\u00f3n: cebro granulado 200g<\/div>\n","protected":false},"excerpt":{"rendered":"<p>Cebo Granulado anti hormigas Cebo anti hormigas baythion es la soluci\u00f3n definitiva para el control de hormigas en exteriores. Cebo granulado especialmente atrayente para las hormigas, que lo introducen en&#8230;<\/p>\n","protected":false},"featured_media":4724,"comment_status":"open","ping_status":"closed","template":"","meta":[],"product_cat":[25],"product_tag":[],"_links":{"self":[{"href":"https:\/\/tienda.plagasturia.com\/index.php\/wp-json\/wp\/v2\/product\/4723"}],"collection":[{"href":"https:\/\/tienda.plagasturia.com\/index.php\/wp-json\/wp\/v2\/product"}],"about":[{"href":"https:\/\/tienda.plagasturia.com\/index.php\/wp-json\/wp\/v2\/types\/product"}],"replies":[{"embeddable":true,"href":"https:\/\/tienda.plagasturia.com\/index.php\/wp-json\/wp\/v2\/comments?post=4723"}],"wp:featuredmedia":[{"embeddable":true,"href":"https:\/\/tienda.plagasturia.com\/index.php\/wp-json\/wp\/v2\/media\/4724"}],"wp:attachment":[{"href":"https:\/\/tienda.plagasturia.com\/index.php\/wp-json\/wp\/v2\/media?parent=4723"}],"wp:term":[{"taxonomy":"product_cat","embeddable":true,"href":"https:\/\/tienda.plagasturia.com\/index.php\/wp-json\/wp\/v2\/product_cat?post=4723"},{"taxonomy":"product_tag","embeddable":true,"href":"https:\/\/tienda.plagasturia.com\/index.php\/wp-json\/wp\/v2\/product_tag?post=4723"}],"curies":[{"name":"wp","href":"https:\/\/api.w.org\/{rel}","templated":true}]}}