{"id":4721,"date":"2023-06-23T06:17:32","date_gmt":"2023-06-23T06:17:32","guid":{"rendered":"https:\/\/tienda.plagasturia.com\/?post_type=product&#038;p=4721"},"modified":"2025-02-13T15:43:59","modified_gmt":"2025-02-13T15:43:59","slug":"pack-fumigacion-chinches","status":"publish","type":"product","link":"https:\/\/tienda.plagasturia.com\/index.php\/product\/pack-fumigacion-chinches\/","title":{"rendered":"Pack fumigaci\u00f3n Chinches"},"content":{"rendered":"<div>\n<h2>Tratamiento completo para la fumigaci\u00f3n de las chinches de la cama<\/h2>\n<\/div>\n<p>Con este pack conseguir\u00e1s eliminar los chinches de la cama de manera eficaz y completa. Este pack consta de 4 productos b\u00e1sicos para acabar con las chinches.<\/p>\n<p>Podr\u00e1s hacer 2 aplicaciones tu mismo y conseguir acabar con las plagas de chinches.<\/p>\n<h3>Aplicaci\u00f3n completa de pack anti chinches fumigaci\u00f3n;<\/h3>\n<p><b>1 Paso. Fumigador port\u00e1til:\u00a0<\/b>Aplicaremos la Bomba insecticida que en el momento de activar se abrir\u00e1 un capa de humo consiguiendo la eliminaci\u00f3n de todos los insectos que haya en el interior de la habitaci\u00f3n. Deberemos dejar la zona cerrada durante m\u00ednimo 4 horas para que el fumigador haga su trabajo. El pack incluye dos bombas de fumigaci\u00f3n.<\/p>\n<p><b>2 Paso. Spray anti chinches:<\/b>\u00a0Este spray se puede aplicar en zonas textiles, como somier, canap\u00e9 o alfombras as\u00ed podr\u00e1s aplicar por todas las zonas de la habitaci\u00f3n.<\/p>\n<p><b>3 Paso. Laca insecticida:<\/b>\u00a0Aplicaremos la laca a todos los z\u00f3calos de la habitaci\u00f3n, marcos de las puertas o ventas creando una barrera incoloro resistente a los agentes atmosf\u00e9ricos, humedad y temperatura para prolongar su actividad en el tiempo. Crearemos una especie de barrera contra los insectos con una duraci\u00f3n estimada de 1 a\u00f1o. (No recomendado con parquet)<\/p>\n<p>Es recomendable hacer una segunda aplicaci\u00f3n 10 d\u00edas despu\u00e9s, por eso este pack contiene 2 bombas con las que podr\u00e1s hacer 2 aplicaciones y conseguir\u00e1s una eficacia mucho mas alta en la aplicaci\u00f3n.<\/p>\n","protected":false},"excerpt":{"rendered":"<p>Tratamiento completo para la fumigaci\u00f3n de las chinches de la cama Con este pack conseguir\u00e1s eliminar los chinches de la cama de manera eficaz y completa. Este pack consta de&#8230;<\/p>\n","protected":false},"featured_media":4722,"comment_status":"open","ping_status":"closed","template":"","meta":[],"product_cat":[24],"product_tag":[],"_links":{"self":[{"href":"https:\/\/tienda.plagasturia.com\/index.php\/wp-json\/wp\/v2\/product\/4721"}],"collection":[{"href":"https:\/\/tienda.plagasturia.com\/index.php\/wp-json\/wp\/v2\/product"}],"about":[{"href":"https:\/\/tienda.plagasturia.com\/index.php\/wp-json\/wp\/v2\/types\/product"}],"replies":[{"embeddable":true,"href":"https:\/\/tienda.plagasturia.com\/index.php\/wp-json\/wp\/v2\/comments?post=4721"}],"wp:featuredmedia":[{"embeddable":true,"href":"https:\/\/tienda.plagasturia.com\/index.php\/wp-json\/wp\/v2\/media\/4722"}],"wp:attachment":[{"href":"https:\/\/tienda.plagasturia.com\/index.php\/wp-json\/wp\/v2\/media?parent=4721"}],"wp:term":[{"taxonomy":"product_cat","embeddable":true,"href":"https:\/\/tienda.plagasturia.com\/index.php\/wp-json\/wp\/v2\/product_cat?post=4721"},{"taxonomy":"product_tag","embeddable":true,"href":"https:\/\/tienda.plagasturia.com\/index.php\/wp-json\/wp\/v2\/product_tag?post=4721"}],"curies":[{"name":"wp","href":"https:\/\/api.w.org\/{rel}","templated":true}]}}