{"id":4719,"date":"2023-06-23T06:14:08","date_gmt":"2023-06-23T06:14:08","guid":{"rendered":"https:\/\/tienda.plagasturia.com\/?post_type=product&#038;p=4719"},"modified":"2025-06-02T03:59:48","modified_gmt":"2025-06-02T03:59:48","slug":"aerosol-especial-avisperos","status":"publish","type":"product","link":"https:\/\/tienda.plagasturia.com\/index.php\/product\/aerosol-especial-avisperos\/","title":{"rendered":"Aerosol especial Avisperos"},"content":{"rendered":"<h3>Aerosol insecticida especial avisperos<\/h3>\n<div>Producto a base de Praletrina, un piretroide dotado con un elevado efecto de derribo y mortalidad sobre las avispas y avispones de una forma r\u00e1pida y sencilla. Destaca por una excelente acci\u00f3n inmediata y la eliminaci\u00f3n total del nido.<br \/>\nAerosol est\u00e1 dotado con un dispositivo de vaporizaci\u00f3n gama especial, dise\u00f1ado para poder<b>\u00a0pulverizar el producto hasta 4 metros de distancia<\/b>, pudiendo llegar as\u00ed a espacio de dif\u00edcil acceso.<br \/>\nEs ideal para utilizar al aire libre en: bajo los techos, aleros, terrazas, ventanas, tejados, desvanes, grietas, canalones, etc. Es un producto de aplicaci\u00f3n localizada que permite el control de l insecto en el mismo instante en que aparece y en su lugar de origen ya que act\u00faa por contacto.<\/div>\n<div><b><u>Modo de empleo<\/u><\/b><\/div>\n<div>Se debe pulverizar directamente sobre los avisperos, mediante pulverizaciones dirigidas y discontinuas durante 7-12 segundos.<br \/>\npara una mayor eficacia y seguridad en el tratamiento, ha de realizarse la aplicaci\u00f3n por la ma\u00f1ana temprano o al atardecer, ya que son las horas con mayor n\u00famero de presencia de insectos y una actividad m\u00e1s baja.<br \/>\n<b>No pulverizar sobre las abejas, ya que son una especie protegida.<\/b><\/div>\n<div><u>Composici\u00f3n<\/u><\/div>\n<div>Praletr\u00edn 0,3%<br \/>\nDisolvente isoparafinico y propelente csp 100%<\/div>\n<div><u>Presentaci\u00f3n<\/u><\/div>\n<div>Aerosol 750 ml.<\/div>\n<div><u>Registro<\/u><\/div>\n<div>N\u00ba Reg. DGSP 12-30-01663<\/div>\n","protected":false},"excerpt":{"rendered":"<p>Aerosol insecticida especial avisperos Producto a base de Praletrina, un piretroide dotado con un elevado efecto de derribo y mortalidad sobre las avispas y avispones de una forma r\u00e1pida y&#8230;<\/p>\n","protected":false},"featured_media":4720,"comment_status":"open","ping_status":"closed","template":"","meta":[],"product_cat":[23],"product_tag":[],"_links":{"self":[{"href":"https:\/\/tienda.plagasturia.com\/index.php\/wp-json\/wp\/v2\/product\/4719"}],"collection":[{"href":"https:\/\/tienda.plagasturia.com\/index.php\/wp-json\/wp\/v2\/product"}],"about":[{"href":"https:\/\/tienda.plagasturia.com\/index.php\/wp-json\/wp\/v2\/types\/product"}],"replies":[{"embeddable":true,"href":"https:\/\/tienda.plagasturia.com\/index.php\/wp-json\/wp\/v2\/comments?post=4719"}],"wp:featuredmedia":[{"embeddable":true,"href":"https:\/\/tienda.plagasturia.com\/index.php\/wp-json\/wp\/v2\/media\/4720"}],"wp:attachment":[{"href":"https:\/\/tienda.plagasturia.com\/index.php\/wp-json\/wp\/v2\/media?parent=4719"}],"wp:term":[{"taxonomy":"product_cat","embeddable":true,"href":"https:\/\/tienda.plagasturia.com\/index.php\/wp-json\/wp\/v2\/product_cat?post=4719"},{"taxonomy":"product_tag","embeddable":true,"href":"https:\/\/tienda.plagasturia.com\/index.php\/wp-json\/wp\/v2\/product_tag?post=4719"}],"curies":[{"name":"wp","href":"https:\/\/api.w.org\/{rel}","templated":true}]}}