{"id":4717,"date":"2023-06-23T06:10:24","date_gmt":"2023-06-23T06:10:24","guid":{"rendered":"https:\/\/tienda.plagasturia.com\/?post_type=product&#038;p=4717"},"modified":"2024-07-09T04:22:45","modified_gmt":"2024-07-09T04:22:45","slug":"tierra-diatomeas","status":"publish","type":"product","link":"https:\/\/tienda.plagasturia.com\/index.php\/product\/tierra-diatomeas\/","title":{"rendered":"Tierra Diatomeas"},"content":{"rendered":"<h2>Rampa&#8217;Clac Polvo insecticida 100% natural. Tierra de diatomeas para el cuidado de animales dom\u00e9sticos y de corral.<\/h2>\n<p>Producto compuesto de polvo de tierra de diatomeas de origen 100% natural procedente de f\u00f3siles de algas marinas microsc\u00f3picas.\u00a0La acci\u00f3n es puramente mec\u00e1nica y se ejerce por efecto abrasivo de las micro-part\u00edculas s\u00f3lidas y afiladas que irritan el tegumento quitinoso de los insectos, afectando a su estructura, provocando deshidrataci\u00f3n y limitando la proliferaci\u00f3n y desarrollo de los insectos y ar\u00e1cnidos, como el piojo rojo, garrapatas, chinches, pulgas, y la de sus huevos y larvas.<\/p>\n<p><u><strong>Instrucciones de uso<\/strong><\/u><\/p>\n<p>Uso en seco y espolvoreo.<br \/>\nComo el efecto es f\u00edsico, hay una relaci\u00f3n directa entre el tama\u00f1o de los insectos, nivel de infestaci\u00f3n y cantidad a aplicar de producto.<br \/>\nEspolvorear 10-20 g\/m2 en el lugar infestado (donde pasan o anidan los insectos) o en el entorno de los animales dom\u00e9sticos y de corral (camas, cestas, jaulas, etc.)<br \/>\nEn insectos como cucarachas, aplicar a raz\u00f3n de 50 hasta 100 g\/m2 seg\u00fan tama\u00f1o y nivel de infestaci\u00f3n.<br \/>\nAyudarse de un\u00a0espolvoreador\u00a0o colador para un f\u00e1cil reparto uniforme. Para prevenir la presencia de insectos y par\u00e1sitos, basta con mantener producto espolvoreado en las inmediaciones a las dosis m\u00e1s reducidas.<br \/>\nEn animales, usar directamente en peque\u00f1as -cantidades y seg\u00fan el efecto deseado. Con el polvo presente en el pelaje del animal, insectos, ar\u00e1cnidos y otros par\u00e1sitos no pueden permanecer en \u00e9l.<br \/>\nEn el hogar, dejar actuar el producto durante d\u00edas 8-10 d\u00edas a fin de cubrir todas las etapas del ciclo de vida de los insectos, pasado el tiempo se puede retirar con un aspiradora.<br \/>\nIdeal para persistencia en lugares ocultos, por ejemplo detr\u00e1s de muebles.<br \/>\nCon un\u00a0 espolvereador de fuelle o con c\u00e1nula se puede aplicar dentro de grietas y rendijas.<\/p>\n<p><u><strong>\u00c1reas de uso<\/strong><\/u><\/p>\n<p>Instalaciones dom\u00e9sticas, institucionales y comerciales, jardines, cuartos de las mascotas, perreras, palomares, contenedores y zonas de residuos. Recintos ganaderos y locales de productos almacenados.<\/p>\n<p>Presentaci\u00f3n:\u00a0<b>envase de 2 kg<\/b><\/p>\n","protected":false},"excerpt":{"rendered":"<p>Rampa&#8217;Clac Polvo insecticida 100% natural. Tierra de diatomeas para el cuidado de animales dom\u00e9sticos y de corral. Producto compuesto de polvo de tierra de diatomeas de origen 100% natural procedente&#8230;<\/p>\n","protected":false},"featured_media":4718,"comment_status":"open","ping_status":"closed","template":"","meta":[],"product_cat":[22],"product_tag":[],"_links":{"self":[{"href":"https:\/\/tienda.plagasturia.com\/index.php\/wp-json\/wp\/v2\/product\/4717"}],"collection":[{"href":"https:\/\/tienda.plagasturia.com\/index.php\/wp-json\/wp\/v2\/product"}],"about":[{"href":"https:\/\/tienda.plagasturia.com\/index.php\/wp-json\/wp\/v2\/types\/product"}],"replies":[{"embeddable":true,"href":"https:\/\/tienda.plagasturia.com\/index.php\/wp-json\/wp\/v2\/comments?post=4717"}],"wp:featuredmedia":[{"embeddable":true,"href":"https:\/\/tienda.plagasturia.com\/index.php\/wp-json\/wp\/v2\/media\/4718"}],"wp:attachment":[{"href":"https:\/\/tienda.plagasturia.com\/index.php\/wp-json\/wp\/v2\/media?parent=4717"}],"wp:term":[{"taxonomy":"product_cat","embeddable":true,"href":"https:\/\/tienda.plagasturia.com\/index.php\/wp-json\/wp\/v2\/product_cat?post=4717"},{"taxonomy":"product_tag","embeddable":true,"href":"https:\/\/tienda.plagasturia.com\/index.php\/wp-json\/wp\/v2\/product_tag?post=4717"}],"curies":[{"name":"wp","href":"https:\/\/api.w.org\/{rel}","templated":true}]}}