{"id":4715,"date":"2023-06-23T06:07:37","date_gmt":"2023-06-23T06:07:37","guid":{"rendered":"https:\/\/tienda.plagasturia.com\/?post_type=product&#038;p=4715"},"modified":"2025-05-30T07:15:22","modified_gmt":"2025-05-30T07:15:22","slug":"gel-anticucarachas-protect-home","status":"publish","type":"product","link":"https:\/\/tienda.plagasturia.com\/index.php\/product\/gel-anticucarachas-protect-home\/","title":{"rendered":"Gel anticucarachas Protect Home"},"content":{"rendered":"<h2>Gel anticucarachas Protect Home<\/h2>\n<p>Cebo en gel contra todo tipo de cucarachas. Control r\u00e1pido y eficaz, protecci\u00f3n hasta 4 semanas.\u00a0El\u00a0<b>gel cucarachas protect home<\/b>\u00a0es la revoluci\u00f3n en la lucha contra las cucarachas. \u00a0Con una sola gota basta para atraer a estos insectos que mueren despu\u00e9s de comer el gel.\u00a0 El mejor cebo insecticida para matar cucarachas.<\/p>\n<p>Gel anticucarachas protecto home es el hermano dom\u00e9stico del Blattanex Ultra Gel. Muy f\u00e1cil de utilizar gracias a su aplicador en jeringa que permite la m\u00ednima exposici\u00f3n al producto. Es inodoro, no mancha y NO CONTAMINA EL MEDIOAMBIENTE.<\/p>\n<p><em>\u00a1\u00a1Permanece activo hasta 12 meses!!<\/em>\u00a0Una jeringa es suficiente para tratar superficies de\u00a0<strong>hasta 50m2<\/strong><\/p>\n<ul>\n<li>Con la garant\u00eda de formulaci\u00f3n Bayer<\/li>\n<li>Activo durante m\u00e1s de 12 meses<\/li>\n<li>Acci\u00f3n de choque y mantenimiento<\/li>\n<li>Eficaz contra todo tipo de cucarachas<\/li>\n<li>Uso autorizado por el publico en general, dom\u00e9stico y en interiores<\/li>\n<li>Acci\u00f3n potenciada gracias a la combinaci\u00f3n de ingrediente activo, capacidad de atracci\u00f3n de cebo, cantidad de producto a ingerir por el insecto y estabilidad del formulario<\/li>\n<li>Jeringuilla\u00a0de cebo en forma de gel para controlar cucarachas de una forma sencilla y eficaz<\/li>\n<li>Cebo en gel anticucarachas<\/li>\n<\/ul>\n<p><b><u>Modo de empleo<\/u><\/b><\/p>\n<ol>\n<li>Aplicar en grietas y rendijas y otras zonas de tr\u00e1nsito de las cucarachas a lo largo de los z\u00f3calos, detr\u00e1s de electrodom\u00e9sticos, lugares h\u00famedos, etc.<\/li>\n<li>Presionar la jeringa para aplicar gotas de cebo del tama\u00f1o de una lenteja aproximadamente<\/li>\n<li>Repetir la aplicaci\u00f3n hasta que no haya m\u00e1s consumo del gel o hasta que\u00a0no se encuentren m\u00e1s cucarachas muertas<\/li>\n<\/ol>\n","protected":false},"excerpt":{"rendered":"<p>Gel anticucarachas Protect Home Cebo en gel contra todo tipo de cucarachas. Control r\u00e1pido y eficaz, protecci\u00f3n hasta 4 semanas.\u00a0El\u00a0gel cucarachas protect home\u00a0es la revoluci\u00f3n en la lucha contra las&#8230;<\/p>\n","protected":false},"featured_media":4716,"comment_status":"open","ping_status":"closed","template":"","meta":[],"product_cat":[21],"product_tag":[],"_links":{"self":[{"href":"https:\/\/tienda.plagasturia.com\/index.php\/wp-json\/wp\/v2\/product\/4715"}],"collection":[{"href":"https:\/\/tienda.plagasturia.com\/index.php\/wp-json\/wp\/v2\/product"}],"about":[{"href":"https:\/\/tienda.plagasturia.com\/index.php\/wp-json\/wp\/v2\/types\/product"}],"replies":[{"embeddable":true,"href":"https:\/\/tienda.plagasturia.com\/index.php\/wp-json\/wp\/v2\/comments?post=4715"}],"wp:featuredmedia":[{"embeddable":true,"href":"https:\/\/tienda.plagasturia.com\/index.php\/wp-json\/wp\/v2\/media\/4716"}],"wp:attachment":[{"href":"https:\/\/tienda.plagasturia.com\/index.php\/wp-json\/wp\/v2\/media?parent=4715"}],"wp:term":[{"taxonomy":"product_cat","embeddable":true,"href":"https:\/\/tienda.plagasturia.com\/index.php\/wp-json\/wp\/v2\/product_cat?post=4715"},{"taxonomy":"product_tag","embeddable":true,"href":"https:\/\/tienda.plagasturia.com\/index.php\/wp-json\/wp\/v2\/product_tag?post=4715"}],"curies":[{"name":"wp","href":"https:\/\/api.w.org\/{rel}","templated":true}]}}