{"id":4714,"date":"2023-06-23T06:04:07","date_gmt":"2023-06-23T06:04:07","guid":{"rendered":"https:\/\/tienda.plagasturia.com\/?post_type=product&#038;p=4714"},"modified":"2024-08-09T16:17:45","modified_gmt":"2024-08-09T16:17:45","slug":"trampa-para-ratones-ketch-all","status":"publish","type":"product","link":"https:\/\/tienda.plagasturia.com\/index.php\/product\/trampa-para-ratones-ketch-all\/","title":{"rendered":"Trampa para ratones ketch-all"},"content":{"rendered":"<h3>Trampa para ratones ketch-all<\/h3>\n<p>Las trampas para ratones tipo etch-all, acabadas en metal galvanizado, garantizan una duraci\u00f3n muy larga. El mecanismo en el interior hace posible capturar a varios ratones sin lesionarlos. Es necesario llevar un control diario de las trampas para sacar a los ratones.<\/p>\n<p><strong><em>Ideal cuando no es posible usar un\u00a0rodenticida habitual, porque se trata de una zona muy delicada para la aplicaci\u00f3n de cebos o porque el usuario prefiere reducir o evitar la utilizaci\u00f3n de materias peligrosas.<\/em><\/strong><\/p>\n<div>Ante estas circunstancias la soluci\u00f3n m\u00e1s id\u00f3nea es utilizar trampas mec\u00e1nicas.<\/div>\n<div><\/div>\n<div><b>Dimensiones:<\/b><\/div>\n<div>23,3 x 18,1 x 13,4 cm<\/div>\n","protected":false},"excerpt":{"rendered":"<p>Trampa para ratones ketch-all Las trampas para ratones tipo etch-all, acabadas en metal galvanizado, garantizan una duraci\u00f3n muy larga. El mecanismo en el interior hace posible capturar a varios ratones&#8230;<\/p>\n","protected":false},"featured_media":4713,"comment_status":"open","ping_status":"closed","template":"","meta":[],"product_cat":[20],"product_tag":[],"_links":{"self":[{"href":"https:\/\/tienda.plagasturia.com\/index.php\/wp-json\/wp\/v2\/product\/4714"}],"collection":[{"href":"https:\/\/tienda.plagasturia.com\/index.php\/wp-json\/wp\/v2\/product"}],"about":[{"href":"https:\/\/tienda.plagasturia.com\/index.php\/wp-json\/wp\/v2\/types\/product"}],"replies":[{"embeddable":true,"href":"https:\/\/tienda.plagasturia.com\/index.php\/wp-json\/wp\/v2\/comments?post=4714"}],"wp:featuredmedia":[{"embeddable":true,"href":"https:\/\/tienda.plagasturia.com\/index.php\/wp-json\/wp\/v2\/media\/4713"}],"wp:attachment":[{"href":"https:\/\/tienda.plagasturia.com\/index.php\/wp-json\/wp\/v2\/media?parent=4714"}],"wp:term":[{"taxonomy":"product_cat","embeddable":true,"href":"https:\/\/tienda.plagasturia.com\/index.php\/wp-json\/wp\/v2\/product_cat?post=4714"},{"taxonomy":"product_tag","embeddable":true,"href":"https:\/\/tienda.plagasturia.com\/index.php\/wp-json\/wp\/v2\/product_tag?post=4714"}],"curies":[{"name":"wp","href":"https:\/\/api.w.org\/{rel}","templated":true}]}}